{"id":14,"date":"2020-05-25T19:41:07","date_gmt":"2020-05-25T19:41:07","guid":{"rendered":"http:\/\/www.mmca.pl\/?page_id=14"},"modified":"2023-11-12T22:36:26","modified_gmt":"2023-11-12T22:36:26","slug":"strona-glowna","status":"publish","type":"page","link":"https:\/\/www.mmca.pl\/","title":{"rendered":"MM Consulting &#038; Audit"},"content":{"rendered":"\n<figure class=\"wp-block-image size-large\"><img loading=\"lazy\" decoding=\"async\" width=\"1000\" height=\"692\" src=\"https:\/\/www.mmca.pl\/wp-content\/uploads\/2020\/11\/shutterstock_182278364-Strona-glowna.jpg\" alt=\"\" class=\"wp-image-645\" srcset=\"https:\/\/www.mmca.pl\/wp-content\/uploads\/2020\/11\/shutterstock_182278364-Strona-glowna.jpg 1000w, https:\/\/www.mmca.pl\/wp-content\/uploads\/2020\/11\/shutterstock_182278364-Strona-glowna-300x208.jpg 300w, https:\/\/www.mmca.pl\/wp-content\/uploads\/2020\/11\/shutterstock_182278364-Strona-glowna-768x531.jpg 768w\" sizes=\"auto, (max-width: 1000px) 100vw, 1000px\" \/><\/figure>\n\n\n\n<p>Jeste\u015bmy firm\u0105 audytorsko-doradcz\u0105, kt\u00f3r\u0105 tworz\u0105 eksperci z zakresu audytu i doradztwa z wieloletni\u0105 praktyk\u0105 zawodow\u0105<\/p>\n\n\n\n<p>O <strong>MM Consulting&amp; Audit<\/strong><\/p>\n\n\n\n<p>MM Consulting&amp;Audit jest firma audytorsk\u0105 wpisan\u0105 na list\u0119 firm audytorskich pod numerem ewidencyjnym 4300.<\/p>\n\n\n\n<p>Co nas wyr\u00f3\u017cnia? Zaanga\u017cowanie, bogate do\u015bwiadczenie zawodowe i indywidualne podej\u015bcie do ka\u017cdego klienta<\/p>\n\n\n\n<p>Jeste\u015bmy grup\u0105 ekspert\u00f3w, kt\u00f3rzy zdobywali do\u015bwiadczenie w globalnych firmach audytorskich oraz w biznesie w mi\u0119dzynarodowych<br>korporacjach w obszarach finans\u00f3w, controllingu oraz audytu wewn\u0119trznego. Nasi eksperci rozumiej\u0105 biznes i traktuj\u0105 potrzeby naszych Klient\u00f3w z najwy\u017cszym<br>priorytetem dostosowuj\u0105c nasz\u0105 bogat\u0105 ofert\u0119 us\u0142ug do Pa\u0144stwa indywidualnych potrzeb.<\/p>\n\n\n\n<p>Pa\u0144stwa zadowolenie ze \u015bwiadczonych przez nas us\u0142ug jest dla nas najwy\u017cszym wyr\u00f3\u017cnieniem<\/p>\n\n\n\n<p><a href=\"https:\/\/www.mmca.pl\/index.php\/sample-page\/\"><strong>Dowiedz si\u0119 wi\u0119cej!<\/strong><\/a><\/p>\n\n\n\n<p>W pa\u017adzierniku 2023 roku MMCA Sp. z o. o. sta\u0142a si\u0119 cz\u0119\u015bci\u0105 sieci firm audytorskich, kt\u00f3ra obejmuje r\u00f3wnie\u017c poni\u017csze podmioty:<\/p>\n\n\n\n<ul class=\"wp-block-list\"><li>savaPartners Sp. z o. o. z siedzib\u0105 w Warszawie (02-697), przy ul. Rzymowskiego 53; nr w rejestrze firm audytorskich 4070<\/li><li>AMC Audyt Sp. z o. o. z siedzib\u0105 w Warszawie (02-662), przy ul. \u015awieradowskiej 47; nr w rejestrze firm audytorskich 4252<\/li><\/ul>\n\n\n\n<p>Zapytaj o ofert\u0119:<\/p>\n\n\n\n<ul class=\"wp-block-list\"><li><a href=\"https:\/\/www.mmca.pl\/index.php\/biegli-rewidenci\/\">Nasi biegli rewidenci<\/a><\/li><li><a href=\"https:\/\/www.mmca.pl\/index.php\/sample-page\/\">Us\u0142ugi w naszej ofercie<\/a><\/li><li><a href=\"https:\/\/www.mmca.pl\/index.php\/nasz-zespol\/\">Zesp\u00f3\u0142<\/a><\/li><li><a href=\"https:\/\/www.mmca.pl\/index.php\/nasze-doswiadczenie\/\">Do\u015bwiadczenie<\/a><\/li><\/ul>\n\n\n<div class=\"wpforms-container wpforms-container-full\" id=\"wpforms-539\"><form id=\"wpforms-form-539\" class=\"wpforms-validate wpforms-form\" data-formid=\"539\" method=\"post\" enctype=\"multipart\/form-data\" action=\"\/index.php\/wp-json\/wp\/v2\/pages\/14\" data-token=\"2e734803b2cc7d16e4844aac8c1941e9\" data-token-time=\"1776694384\"><noscript class=\"wpforms-error-noscript\">Aby wype\u0142ni\u0107 ten formularz, w\u0142\u0105cz obs\u0142ug\u0119 JavaScript w przegl\u0105darce.<\/noscript><div class=\"wpforms-field-container\"><div id=\"wpforms-539-field_3-container\" class=\"wpforms-field wpforms-field-name\" data-field-id=\"3\"><label class=\"wpforms-field-label\" for=\"wpforms-539-field_3\">Imi\u0119 i Nazwisko <span class=\"wpforms-required-label\">*<\/span><\/label><input type=\"text\" id=\"wpforms-539-field_3\" class=\"wpforms-field-medium wpforms-field-required\" name=\"wpforms[fields][3]\" required><\/div><div id=\"wpforms-539-field_1-container\" class=\"wpforms-field wpforms-field-email\" data-field-id=\"1\"><label class=\"wpforms-field-label\" for=\"wpforms-539-field_1\">Email <span class=\"wpforms-required-label\">*<\/span><\/label><input type=\"email\" id=\"wpforms-539-field_1\" class=\"wpforms-field-medium wpforms-field-required\" name=\"wpforms[fields][1]\" spellcheck=\"false\" required><\/div><div id=\"wpforms-539-field_8-container\" class=\"wpforms-field wpforms-field-name\" data-field-id=\"8\"><label class=\"wpforms-field-label\" for=\"wpforms-539-field_8\">Nr telefonu<\/label><input type=\"text\" id=\"wpforms-539-field_8\" class=\"wpforms-field-medium\" name=\"wpforms[fields][8]\" ><\/div><div id=\"wpforms-539-field_2-container\" class=\"wpforms-field wpforms-field-textarea\" data-field-id=\"2\"><label class=\"wpforms-field-label\" for=\"wpforms-539-field_2\">Tre\u015b\u0107 wiadomo\u015bci <span class=\"wpforms-required-label\">*<\/span><\/label><textarea id=\"wpforms-539-field_2\" class=\"wpforms-field-medium wpforms-field-required\" name=\"wpforms[fields][2]\" required><\/textarea><\/div><div id=\"wpforms-539-field_4-container\" class=\"wpforms-field wpforms-field-checkbox\" data-field-id=\"4\"><label class=\"wpforms-field-label\">Wyra\u017cenie zgody na przetwarzanie danych osobowych <span class=\"wpforms-required-label\">*<\/span><\/label><ul id=\"wpforms-539-field_4\" class=\"wpforms-field-required\"><li class=\"choice-1 depth-1\"><input type=\"checkbox\" id=\"wpforms-539-field_4_1\" name=\"wpforms[fields][4][]\" value=\"Akceptuj\u0119, \u017ce administratorem moich danych osobowych b\u0119dzie firma MMCA Sp z o.o. Wyra\u017cam zgod\u0119 na przetwarzanie danych osobowych w celu realizacji z\u0142o\u017conego zapytania, w tym w celu przygotowania oferty. Aby uzyska\u0107 wi\u0119cej informacji o tym, jak u\u017cywamy plik\u00f3w cookie oraz przetwarzamy dane osobowe - przeczytaj nasz\u0105 Polityk\u0119 Prywatno\u015bci. W ka\u017cdej chwili masz prawo do uzyskania informacji o pochodzeniu, odbiorcy i celu przechowywanych danych osobowych. Masz r\u00f3wnie\u017c prawo za\u017c\u0105da\u0107 korekty, zablokowania lub usuni\u0119cia tych danych. W tym celu i w przypadku dalszych pyta\u0144 dotycz\u0105cych ochrony danych mo\u017cesz skontaktowa\u0107 si\u0119 z nami w dowolnym momencie pod adresem: iod@mmca.pl\" required ><label class=\"wpforms-field-label-inline\" for=\"wpforms-539-field_4_1\">Akceptuj\u0119, \u017ce administratorem moich danych osobowych b\u0119dzie firma MMCA Sp z o.o. Wyra\u017cam zgod\u0119 na przetwarzanie danych osobowych w celu realizacji z\u0142o\u017conego zapytania, w tym w celu przygotowania oferty. Aby uzyska\u0107 wi\u0119cej informacji o tym, jak u\u017cywamy plik\u00f3w cookie oraz przetwarzamy dane osobowe - przeczytaj nasz\u0105 Polityk\u0119 Prywatno\u015bci. W ka\u017cdej chwili masz prawo do uzyskania informacji o pochodzeniu, odbiorcy i celu przechowywanych danych osobowych. Masz r\u00f3wnie\u017c prawo za\u017c\u0105da\u0107 korekty, zablokowania lub usuni\u0119cia tych danych. W tym celu i w przypadku dalszych pyta\u0144 dotycz\u0105cych ochrony danych mo\u017cesz skontaktowa\u0107 si\u0119 z nami w dowolnym momencie pod adresem: iod@mmca.pl<\/label><\/li><\/ul><\/div><\/div><!-- .wpforms-field-container --><div class=\"wpforms-recaptcha-container wpforms-is-recaptcha wpforms-is-recaptcha-type-v2\" ><div class=\"g-recaptcha\" data-sitekey=\"6LeaUfUfAAAAAGvmjoGAgZrgAYWo8GyvYvFYqBKB\"><\/div><input type=\"text\" name=\"g-recaptcha-hidden\" class=\"wpforms-recaptcha-hidden\" style=\"position:absolute!important;clip:rect(0,0,0,0)!important;height:1px!important;width:1px!important;border:0!important;overflow:hidden!important;padding:0!important;margin:0!important;\" data-rule-recaptcha=\"1\"><\/div><div class=\"wpforms-submit-container\" ><input type=\"hidden\" name=\"wpforms[id]\" value=\"539\"><input type=\"hidden\" name=\"page_title\" value=\"\"><input type=\"hidden\" name=\"page_url\" value=\"https:\/\/www.mmca.pl\/index.php\/wp-json\/wp\/v2\/pages\/14\"><button type=\"submit\" name=\"wpforms[submit]\" id=\"wpforms-submit-539\" class=\"wpforms-submit\" data-alt-text=\"Wysy\u0142anie\" data-submit-text=\"Wy\u015blij\" aria-live=\"assertive\" value=\"wpforms-submit\">Wy\u015blij<\/button><\/div><\/form><\/div>  <!-- .wpforms-container -->\n","protected":false},"excerpt":{"rendered":"<p>Jeste\u015bmy firm\u0105 audytorsko-doradcz\u0105, kt\u00f3r\u0105 tworz\u0105 eksperci z zakresu audytu i doradztwa z wieloletni\u0105 praktyk\u0105 zawodow\u0105 O MM Consulting&amp; Audit MM Consulting&amp;Audit jest firma audytorsk\u0105 wpisan\u0105 na list\u0119 firm audytorskich pod numerem ewidencyjnym 4300. Co nas wyr\u00f3\u017cnia? Zaanga\u017cowanie, bogate do\u015bwiadczenie zawodowe i indywidualne podej\u015bcie do ka\u017cdego klienta Jeste\u015bmy grup\u0105 ekspert\u00f3w, kt\u00f3rzy zdobywali do\u015bwiadczenie w globalnych firmach &#8230; <a title=\"MM Consulting &#038; Audit\" class=\"read-more\" href=\"https:\/\/www.mmca.pl\/\">Czytaj dalej <span class=\"screen-reader-text\">MM Consulting &#038; Audit<\/span><\/a><\/p>\n","protected":false},"author":5,"featured_media":0,"parent":0,"menu_order":0,"comment_status":"closed","ping_status":"closed","template":"","meta":{"footnotes":""},"class_list":["post-14","page","type-page","status-publish"],"_links":{"self":[{"href":"https:\/\/www.mmca.pl\/index.php\/wp-json\/wp\/v2\/pages\/14","targetHints":{"allow":["GET"]}}],"collection":[{"href":"https:\/\/www.mmca.pl\/index.php\/wp-json\/wp\/v2\/pages"}],"about":[{"href":"https:\/\/www.mmca.pl\/index.php\/wp-json\/wp\/v2\/types\/page"}],"author":[{"embeddable":true,"href":"https:\/\/www.mmca.pl\/index.php\/wp-json\/wp\/v2\/users\/5"}],"replies":[{"embeddable":true,"href":"https:\/\/www.mmca.pl\/index.php\/wp-json\/wp\/v2\/comments?post=14"}],"version-history":[{"count":11,"href":"https:\/\/www.mmca.pl\/index.php\/wp-json\/wp\/v2\/pages\/14\/revisions"}],"predecessor-version":[{"id":701,"href":"https:\/\/www.mmca.pl\/index.php\/wp-json\/wp\/v2\/pages\/14\/revisions\/701"}],"wp:attachment":[{"href":"https:\/\/www.mmca.pl\/index.php\/wp-json\/wp\/v2\/media?parent=14"}],"curies":[{"name":"wp","href":"https:\/\/api.w.org\/{rel}","templated":true}]}}